{"id":5383,"date":"2026-04-23T10:03:21","date_gmt":"2026-04-23T08:03:21","guid":{"rendered":"https:\/\/sapin.cz\/?page_id=5383"},"modified":"2026-04-23T11:39:34","modified_gmt":"2026-04-23T09:39:34","slug":"kontakt","status":"publish","type":"page","link":"http:\/\/sapin.cz\/index.php\/kontakt\/","title":{"rendered":"KONTAKT"},"content":{"rendered":"\n<h2 class=\"wp-block-heading\">Kontaktujte n\u00e1s<br><\/h2>\n\n\n\n<p>M\u00e1te z\u00e1jem o n\u00e1bytek na m\u00edru nebo nez\u00e1vaznou konzultaci?<br>Ozv\u011bte se n\u00e1m \u2013 r\u00e1di se s v\u00e1mi domluv\u00edme na dal\u0161\u00edm postupu.<\/p>\n\n\n\n<p><strong>SAPIN s.r.o.<\/strong><\/p>\n\n\n\n<p>Kovalovice E33, 664 04 Vini\u010dn\u00e9 \u0160umice<\/p>\n\n\n\n<p>DI\u010c: CZ46974814<\/p>\n\n\n\n<p>Email: <a href=\"mailto:info@sapin.cz\">info@sapin.cz<\/a><\/p>\n\n\n\n<p>Tel. <a href=\"tel:420607866621\">+420 607 866 621<\/a><\/p>\n\n\n\n<div class=\"wp-block-gmap-gmap-block gmap-block-1171z9wk\"><iframe src=\"https:\/\/maps.google.com\/maps?q=SAPIN&amp;z=10&amp;t=roadmap&amp;output=embed\" class=\"embd-map\" title=\"SAPIN\"><\/iframe><\/div>\n","protected":false},"excerpt":{"rendered":"<p>Kontaktujte n\u00e1s M\u00e1te z\u00e1jem o n\u00e1bytek na m\u00edru nebo nez\u00e1vaznou konzultaci?Ozv\u011bte se n\u00e1m \u2013 r\u00e1di se s v\u00e1mi domluv\u00edme na [&hellip;]<\/p>\n","protected":false},"author":1,"featured_media":0,"parent":0,"menu_order":0,"comment_status":"closed","ping_status":"closed","template":"","meta":{"site-sidebar-layout":"default","site-content-layout":"","ast-site-content-layout":"default","site-content-style":"default","site-sidebar-style":"default","ast-global-header-display":"","ast-banner-title-visibility":"","ast-main-header-display":"","ast-hfb-above-header-display":"","ast-hfb-below-header-display":"","ast-hfb-mobile-header-display":"","site-post-title":"","ast-breadcrumbs-content":"","ast-featured-img":"","footer-sml-layout":"","ast-disable-related-posts":"","theme-transparent-header-meta":"","adv-header-id-meta":"","stick-header-meta":"","header-above-stick-meta":"","header-main-stick-meta":"","header-below-stick-meta":"","astra-migrate-meta-layouts":"default","ast-page-background-enabled":"default","ast-page-background-meta":{"desktop":{"background-color":"var(--ast-global-color-5)","background-image":"","background-repeat":"repeat","background-position":"center center","background-size":"auto","background-attachment":"scroll","background-type":"","background-media":"","overlay-type":"","overlay-color":"","overlay-opacity":"","overlay-gradient":""},"tablet":{"background-color":"","background-image":"","background-repeat":"repeat","background-position":"center center","background-size":"auto","background-attachment":"scroll","background-type":"","background-media":"","overlay-type":"","overlay-color":"","overlay-opacity":"","overlay-gradient":""},"mobile":{"background-color":"","background-image":"","background-repeat":"repeat","background-position":"center center","background-size":"auto","background-attachment":"scroll","background-type":"","background-media":"","overlay-type":"","overlay-color":"","overlay-opacity":"","overlay-gradient":""}},"ast-content-background-meta":{"desktop":{"background-color":"var(--ast-global-color-4)","background-image":"","background-repeat":"repeat","background-position":"center center","background-size":"auto","background-attachment":"scroll","background-type":"","background-media":"","overlay-type":"","overlay-color":"","overlay-opacity":"","overlay-gradient":""},"tablet":{"background-color":"var(--ast-global-color-4)","background-image":"","background-repeat":"repeat","background-position":"center center","background-size":"auto","background-attachment":"scroll","background-type":"","background-media":"","overlay-type":"","overlay-color":"","overlay-opacity":"","overlay-gradient":""},"mobile":{"background-color":"var(--ast-global-color-4)","background-image":"","background-repeat":"repeat","background-position":"center center","background-size":"auto","background-attachment":"scroll","background-type":"","background-media":"","overlay-type":"","overlay-color":"","overlay-opacity":"","overlay-gradient":""}},"footnotes":""},"class_list":["post-5383","page","type-page","status-publish","hentry"],"jetpack_sharing_enabled":true,"_links":{"self":[{"href":"http:\/\/sapin.cz\/index.php\/wp-json\/wp\/v2\/pages\/5383","targetHints":{"allow":["GET"]}}],"collection":[{"href":"http:\/\/sapin.cz\/index.php\/wp-json\/wp\/v2\/pages"}],"about":[{"href":"http:\/\/sapin.cz\/index.php\/wp-json\/wp\/v2\/types\/page"}],"author":[{"embeddable":true,"href":"http:\/\/sapin.cz\/index.php\/wp-json\/wp\/v2\/users\/1"}],"replies":[{"embeddable":true,"href":"http:\/\/sapin.cz\/index.php\/wp-json\/wp\/v2\/comments?post=5383"}],"version-history":[{"count":3,"href":"http:\/\/sapin.cz\/index.php\/wp-json\/wp\/v2\/pages\/5383\/revisions"}],"predecessor-version":[{"id":5401,"href":"http:\/\/sapin.cz\/index.php\/wp-json\/wp\/v2\/pages\/5383\/revisions\/5401"}],"wp:attachment":[{"href":"http:\/\/sapin.cz\/index.php\/wp-json\/wp\/v2\/media?parent=5383"}],"curies":[{"name":"wp","href":"https:\/\/api.w.org\/{rel}","templated":true}]}}