{"id":5380,"date":"2026-04-23T09:46:20","date_gmt":"2026-04-23T07:46:20","guid":{"rendered":"https:\/\/sapin.cz\/?page_id=5380"},"modified":"2026-04-23T11:46:20","modified_gmt":"2026-04-23T09:46:20","slug":"o-nas","status":"publish","type":"page","link":"http:\/\/sapin.cz\/index.php\/o-nas\/","title":{"rendered":"O n\u00e1s"},"content":{"rendered":"\n<h2 class=\"wp-block-heading\">Truhl\u00e1\u0159stv\u00ed s tradic\u00ed od roku 1992<\/h2>\n\n\n\n<p>sme rodinn\u00e1 firma zam\u011b\u0159en\u00e1 na zak\u00e1zkovou v\u00fdrobu n\u00e1bytku a interi\u00e9r\u016f.<br>U\u017e v\u00edce ne\u017e 30 let pom\u00e1h\u00e1me z\u00e1kazn\u00edk\u016fm realizovat jejich p\u0159edstavy \u2013 od jednoduch\u00fdch kus\u016f n\u00e1bytku a\u017e po komplexn\u00ed projekty.<\/p>\n\n\n\n<p>Zakl\u00e1d\u00e1me si na kvalitn\u00edm zpracov\u00e1n\u00ed, individu\u00e1ln\u00edm p\u0159\u00edstupu a poctiv\u00e9m \u0159emesle.<br>Ka\u017edou zak\u00e1zku vyr\u00e1b\u00edme ve vlastn\u00ed d\u00edln\u011b, co\u017e n\u00e1m umo\u017e\u0148uje kontrolovat kvalitu i detaily.<\/p>\n\n\n\n<p>M\u00e1me zku\u0161enosti nejen s interi\u00e9ry, ale tak\u00e9 s realizac\u00ed v\u00fdstavn\u00edch expozic a atypick\u00fdch projekt\u016f.<\/p>\n\n\n\n<figure class=\"wp-block-image size-large\"><img data-recalc-dims=\"1\" loading=\"lazy\" decoding=\"async\" width=\"1024\" height=\"683\" src=\"https:\/\/i0.wp.com\/sapin.cz\/wp-content\/uploads\/2026\/04\/clem-onojeghuo-hdW4rZPHe2g-unsplash-1024x683.jpg?resize=1024%2C683&#038;ssl=1\" alt=\"\" class=\"wp-image-5404\" srcset=\"https:\/\/i0.wp.com\/sapin.cz\/wp-content\/uploads\/2026\/04\/clem-onojeghuo-hdW4rZPHe2g-unsplash-scaled.jpg?resize=1024%2C683 1024w, https:\/\/i0.wp.com\/sapin.cz\/wp-content\/uploads\/2026\/04\/clem-onojeghuo-hdW4rZPHe2g-unsplash-scaled.jpg?resize=300%2C200 300w, https:\/\/i0.wp.com\/sapin.cz\/wp-content\/uploads\/2026\/04\/clem-onojeghuo-hdW4rZPHe2g-unsplash-scaled.jpg?resize=768%2C512 768w, https:\/\/i0.wp.com\/sapin.cz\/wp-content\/uploads\/2026\/04\/clem-onojeghuo-hdW4rZPHe2g-unsplash-scaled.jpg?resize=1536%2C1024 1536w, https:\/\/i0.wp.com\/sapin.cz\/wp-content\/uploads\/2026\/04\/clem-onojeghuo-hdW4rZPHe2g-unsplash-scaled.jpg?resize=2048%2C1365 2048w\" sizes=\"auto, (max-width: 1000px) 100vw, 1000px\" \/><\/figure>\n\n\n\n<p><\/p>\n","protected":false},"excerpt":{"rendered":"<p>Truhl\u00e1\u0159stv\u00ed s tradic\u00ed od roku 1992 sme rodinn\u00e1 firma zam\u011b\u0159en\u00e1 na zak\u00e1zkovou v\u00fdrobu n\u00e1bytku a interi\u00e9r\u016f.U\u017e v\u00edce ne\u017e 30 let [&hellip;]<\/p>\n","protected":false},"author":1,"featured_media":0,"parent":0,"menu_order":0,"comment_status":"closed","ping_status":"closed","template":"","meta":{"site-sidebar-layout":"default","site-content-layout":"","ast-site-content-layout":"default","site-content-style":"default","site-sidebar-style":"default","ast-global-header-display":"","ast-banner-title-visibility":"","ast-main-header-display":"","ast-hfb-above-header-display":"","ast-hfb-below-header-display":"","ast-hfb-mobile-header-display":"","site-post-title":"","ast-breadcrumbs-content":"","ast-featured-img":"","footer-sml-layout":"","ast-disable-related-posts":"","theme-transparent-header-meta":"","adv-header-id-meta":"","stick-header-meta":"","header-above-stick-meta":"","header-main-stick-meta":"","header-below-stick-meta":"","astra-migrate-meta-layouts":"default","ast-page-background-enabled":"default","ast-page-background-meta":{"desktop":{"background-color":"var(--ast-global-color-5)","background-image":"","background-repeat":"repeat","background-position":"center center","background-size":"auto","background-attachment":"scroll","background-type":"","background-media":"","overlay-type":"","overlay-color":"","overlay-opacity":"","overlay-gradient":""},"tablet":{"background-color":"","background-image":"","background-repeat":"repeat","background-position":"center center","background-size":"auto","background-attachment":"scroll","background-type":"","background-media":"","overlay-type":"","overlay-color":"","overlay-opacity":"","overlay-gradient":""},"mobile":{"background-color":"","background-image":"","background-repeat":"repeat","background-position":"center center","background-size":"auto","background-attachment":"scroll","background-type":"","background-media":"","overlay-type":"","overlay-color":"","overlay-opacity":"","overlay-gradient":""}},"ast-content-background-meta":{"desktop":{"background-color":"var(--ast-global-color-4)","background-image":"","background-repeat":"repeat","background-position":"center center","background-size":"auto","background-attachment":"scroll","background-type":"","background-media":"","overlay-type":"","overlay-color":"","overlay-opacity":"","overlay-gradient":""},"tablet":{"background-color":"var(--ast-global-color-4)","background-image":"","background-repeat":"repeat","background-position":"center center","background-size":"auto","background-attachment":"scroll","background-type":"","background-media":"","overlay-type":"","overlay-color":"","overlay-opacity":"","overlay-gradient":""},"mobile":{"background-color":"var(--ast-global-color-4)","background-image":"","background-repeat":"repeat","background-position":"center center","background-size":"auto","background-attachment":"scroll","background-type":"","background-media":"","overlay-type":"","overlay-color":"","overlay-opacity":"","overlay-gradient":""}},"footnotes":""},"class_list":["post-5380","page","type-page","status-publish","hentry"],"jetpack_sharing_enabled":true,"_links":{"self":[{"href":"http:\/\/sapin.cz\/index.php\/wp-json\/wp\/v2\/pages\/5380","targetHints":{"allow":["GET"]}}],"collection":[{"href":"http:\/\/sapin.cz\/index.php\/wp-json\/wp\/v2\/pages"}],"about":[{"href":"http:\/\/sapin.cz\/index.php\/wp-json\/wp\/v2\/types\/page"}],"author":[{"embeddable":true,"href":"http:\/\/sapin.cz\/index.php\/wp-json\/wp\/v2\/users\/1"}],"replies":[{"embeddable":true,"href":"http:\/\/sapin.cz\/index.php\/wp-json\/wp\/v2\/comments?post=5380"}],"version-history":[{"count":3,"href":"http:\/\/sapin.cz\/index.php\/wp-json\/wp\/v2\/pages\/5380\/revisions"}],"predecessor-version":[{"id":5405,"href":"http:\/\/sapin.cz\/index.php\/wp-json\/wp\/v2\/pages\/5380\/revisions\/5405"}],"wp:attachment":[{"href":"http:\/\/sapin.cz\/index.php\/wp-json\/wp\/v2\/media?parent=5380"}],"curies":[{"name":"wp","href":"https:\/\/api.w.org\/{rel}","templated":true}]}}