{"id":4,"date":"2018-11-12T11:50:12","date_gmt":"2018-11-12T10:50:12","guid":{"rendered":"https:\/\/demo.themeisle.com\/hestia-default\/hestia-front\/"},"modified":"2026-04-23T13:35:23","modified_gmt":"2026-04-23T11:35:23","slug":"sapin-vyroba-nabytku","status":"publish","type":"page","link":"http:\/\/sapin.cz\/","title":{"rendered":"N\u00e1bytek na m\u00edru, kter\u00fd opravdu sed\u00ed"},"content":{"rendered":"\n<figure class=\"wp-block-image size-large is-resized\"><img data-recalc-dims=\"1\" loading=\"lazy\" decoding=\"async\" width=\"1024\" height=\"595\" src=\"https:\/\/i0.wp.com\/sapin.cz\/wp-content\/uploads\/2024\/03\/Nabytek-SAPIN-na-miru-v-destkem-pokoji-3-scaled-e1776943255842-1024x595.jpg?resize=1024%2C595\" alt=\"\" class=\"wp-image-5346\" style=\"width:1200px;height:auto\" srcset=\"https:\/\/i0.wp.com\/sapin.cz\/wp-content\/uploads\/2024\/03\/Nabytek-SAPIN-na-miru-v-destkem-pokoji-3-scaled-e1776943255842.jpg?resize=1024%2C595 1024w, https:\/\/i0.wp.com\/sapin.cz\/wp-content\/uploads\/2024\/03\/Nabytek-SAPIN-na-miru-v-destkem-pokoji-3-scaled-e1776943255842.jpg?resize=300%2C174 300w, https:\/\/i0.wp.com\/sapin.cz\/wp-content\/uploads\/2024\/03\/Nabytek-SAPIN-na-miru-v-destkem-pokoji-3-scaled-e1776943255842.jpg?resize=768%2C446 768w, https:\/\/i0.wp.com\/sapin.cz\/wp-content\/uploads\/2024\/03\/Nabytek-SAPIN-na-miru-v-destkem-pokoji-3-scaled-e1776943255842.jpg?resize=1536%2C892 1536w, https:\/\/i0.wp.com\/sapin.cz\/wp-content\/uploads\/2024\/03\/Nabytek-SAPIN-na-miru-v-destkem-pokoji-3-scaled-e1776943255842.jpg?resize=2048%2C1190 2048w\" sizes=\"auto, (max-width: 1000px) 100vw, 1000px\" \/><figcaption class=\"wp-element-caption\">Nabytek SAPIN na miru v destkem pokoji<\/figcaption><\/figure>\n\n\n\n<p data-wp-context---core-fit-text=\"core\/fit-text::{&quot;fontSize&quot;:&quot;&quot;}\" data-wp-init---core-fit-text=\"core\/fit-text::callbacks.init\" data-wp-interactive data-wp-style--font-size=\"core\/fit-text::context.fontSize\" class=\"has-fit-text\">Navrhujeme a vyr\u00e1b\u00edme kuchyn\u011b, interi\u00e9ry i v\u00fdstavn\u00ed expozice \u2013 od prvn\u00edho n\u00e1vrhu a\u017e po fin\u00e1ln\u00ed mont\u00e1\u017e.<\/p>\n\n\n\n<div class=\"wp-block-buttons is-content-justification-center is-layout-flex wp-container-core-buttons-is-layout-a89b3969 wp-block-buttons-is-layout-flex\">\n<div class=\"wp-block-button\"><a class=\"wp-block-button__link wp-element-button\" href=\"https:\/\/sapin.cz\/index.php\/poptavky\/\">\ud83d\udc49 Nez\u00e1vazn\u00e1 popt\u00e1vka<\/a><\/div>\n<\/div>\n\n\n\n<hr class=\"wp-block-separator has-alpha-channel-opacity\"\/>\n\n\n\n<h2 class=\"wp-block-heading\">\ud83d\udcf8 Uk\u00e1zky na\u0161\u00ed pr\u00e1ce<\/h2>\n\n\n\n<p>Pod\u00edvejte se na realizace, kter\u00e9 jsme navrhli a vyrobili pro na\u0161e z\u00e1kazn\u00edky.<\/p>\n\n\n\n<div class=\"wp-block-buttons is-content-justification-center is-layout-flex wp-container-core-buttons-is-layout-a89b3969 wp-block-buttons-is-layout-flex\">\n<div class=\"wp-block-button\"><a class=\"wp-block-button__link wp-element-button\" href=\"https:\/\/sapin.cz\/index.php\/reference\/\">\ud83d\udc49 Zobrazit na\u0161e realizace<\/a><\/div>\n<\/div>\n\n\n\n<hr class=\"wp-block-separator has-alpha-channel-opacity\"\/>\n\n\n\n<h2 class=\"wp-block-heading\"><strong>\ud83e\uddf1 Co pro v\u00e1s vyrob\u00edme<\/strong><\/h2>\n\n\n\n<p>Ka\u017ed\u00fd projekt \u0159e\u0161\u00edme individu\u00e1ln\u011b \u2013 od jednoduch\u00e9ho n\u00e1bytku a\u017e po kompletn\u00ed realizace.<\/p>\n\n\n\n<div class=\"wp-block-media-text is-stacked-on-mobile\"><figure class=\"wp-block-media-text__media\"><img data-recalc-dims=\"1\" loading=\"lazy\" decoding=\"async\" width=\"1024\" height=\"585\" src=\"https:\/\/i0.wp.com\/sapin.cz\/wp-content\/uploads\/2023\/10\/Kuchynska-linka-lakovana-dvirka-lesk-e1776942545109-1024x585.png?resize=1024%2C585\" alt=\"Kuchy\u0148sk\u00e1 linka b\u00edl\u00e1 lesk\" class=\"wp-image-5320 size-full\" srcset=\"https:\/\/i0.wp.com\/sapin.cz\/wp-content\/uploads\/2023\/10\/Kuchynska-linka-lakovana-dvirka-lesk-e1776942545109.png?resize=1024%2C585 1024w, https:\/\/i0.wp.com\/sapin.cz\/wp-content\/uploads\/2023\/10\/Kuchynska-linka-lakovana-dvirka-lesk-e1776942545109.png?resize=300%2C171 300w, https:\/\/i0.wp.com\/sapin.cz\/wp-content\/uploads\/2023\/10\/Kuchynska-linka-lakovana-dvirka-lesk-e1776942545109.png?resize=768%2C439 768w, https:\/\/i0.wp.com\/sapin.cz\/wp-content\/uploads\/2023\/10\/Kuchynska-linka-lakovana-dvirka-lesk-e1776942545109.png?w=1260 1260w\" sizes=\"auto, (max-width: 1000px) 100vw, 1000px\" \/><\/figure><div class=\"wp-block-media-text__content\">\n<p><strong>Kuchyn\u011b na m\u00edru<\/strong><\/p>\n\n\n\n<p>Funk\u010dn\u00ed, kvalitn\u00ed a navr\u017een\u00e9 p\u0159esn\u011b podle va\u0161eho prostoru.<\/p>\n<\/div><\/div>\n\n\n\n<p><\/p>\n\n\n\n<div class=\"wp-block-media-text is-stacked-on-mobile\"><figure class=\"wp-block-media-text__media\"><img data-recalc-dims=\"1\" loading=\"lazy\" decoding=\"async\" width=\"1024\" height=\"768\" src=\"https:\/\/i0.wp.com\/sapin.cz\/wp-content\/uploads\/2023\/10\/WhatsApp-Image-2022-03-31-at-13.30.42.png?resize=1024%2C768\" alt=\"Uk\u00e1zka realizace - n\u00e1bytek na m\u00edru\" class=\"wp-image-5269 size-full\" srcset=\"https:\/\/i0.wp.com\/sapin.cz\/wp-content\/uploads\/2023\/10\/WhatsApp-Image-2022-03-31-at-13.30.42.png?resize=1024%2C768 1024w, https:\/\/i0.wp.com\/sapin.cz\/wp-content\/uploads\/2023\/10\/WhatsApp-Image-2022-03-31-at-13.30.42.png?resize=300%2C225 300w, https:\/\/i0.wp.com\/sapin.cz\/wp-content\/uploads\/2023\/10\/WhatsApp-Image-2022-03-31-at-13.30.42.png?resize=768%2C576 768w, https:\/\/i0.wp.com\/sapin.cz\/wp-content\/uploads\/2023\/10\/WhatsApp-Image-2022-03-31-at-13.30.42.png?resize=1536%2C1152 1536w, https:\/\/i0.wp.com\/sapin.cz\/wp-content\/uploads\/2023\/10\/WhatsApp-Image-2022-03-31-at-13.30.42.png?w=2000 2000w\" sizes=\"auto, (max-width: 1000px) 100vw, 1000px\" \/><\/figure><div class=\"wp-block-media-text__content\">\n<p><strong>Vestav\u011bn\u00e9 sk\u0159\u00edn\u011b<\/strong><\/p>\n\n\n\n<p>Maxim\u00e1ln\u00ed vyu\u017eit\u00ed m\u00edsta bez kompromis\u016f v designu.<\/p>\n<\/div><\/div>\n\n\n\n<p><\/p>\n\n\n\n<div class=\"wp-block-media-text is-stacked-on-mobile\"><figure class=\"wp-block-media-text__media\"><img data-recalc-dims=\"1\" loading=\"lazy\" decoding=\"async\" width=\"1024\" height=\"760\" src=\"https:\/\/i0.wp.com\/sapin.cz\/wp-content\/uploads\/2024\/03\/Nabytek-SAPIN-na-miru-v-destkem-pokoji-2.jpg?resize=1024%2C760\" alt=\"\" class=\"wp-image-5344 size-full\" srcset=\"https:\/\/i0.wp.com\/sapin.cz\/wp-content\/uploads\/2024\/03\/Nabytek-SAPIN-na-miru-v-destkem-pokoji-2-scaled.jpg?resize=1024%2C760 1024w, https:\/\/i0.wp.com\/sapin.cz\/wp-content\/uploads\/2024\/03\/Nabytek-SAPIN-na-miru-v-destkem-pokoji-2-scaled.jpg?resize=300%2C223 300w, https:\/\/i0.wp.com\/sapin.cz\/wp-content\/uploads\/2024\/03\/Nabytek-SAPIN-na-miru-v-destkem-pokoji-2-scaled.jpg?resize=768%2C570 768w, https:\/\/i0.wp.com\/sapin.cz\/wp-content\/uploads\/2024\/03\/Nabytek-SAPIN-na-miru-v-destkem-pokoji-2-scaled.jpg?resize=1536%2C1140 1536w, https:\/\/i0.wp.com\/sapin.cz\/wp-content\/uploads\/2024\/03\/Nabytek-SAPIN-na-miru-v-destkem-pokoji-2-scaled.jpg?resize=2048%2C1520 2048w\" sizes=\"auto, (max-width: 1000px) 100vw, 1000px\" \/><\/figure><div class=\"wp-block-media-text__content\">\n<p><strong>Interi\u00e9ry<\/strong><\/p>\n\n\n\n<p>Ob\u00fdvac\u00ed pokoje, lo\u017enice, kancel\u00e1\u0159e i cel\u00e9 byty.<\/p>\n<\/div><\/div>\n\n\n\n<p><\/p>\n\n\n\n<div class=\"wp-block-media-text is-stacked-on-mobile\"><figure class=\"wp-block-media-text__media\"><img data-recalc-dims=\"1\" loading=\"lazy\" decoding=\"async\" width=\"1024\" height=\"578\" src=\"https:\/\/i0.wp.com\/sapin.cz\/wp-content\/uploads\/2023\/10\/288591891_708933837047482_9064919834433641145_n.jpg?resize=1024%2C578\" alt=\"V\u00fdstavn\u00ed expozice 1\" class=\"wp-image-5240 size-full\" srcset=\"https:\/\/i0.wp.com\/sapin.cz\/wp-content\/uploads\/2023\/10\/288591891_708933837047482_9064919834433641145_n.jpg?resize=1024%2C578 1024w, https:\/\/i0.wp.com\/sapin.cz\/wp-content\/uploads\/2023\/10\/288591891_708933837047482_9064919834433641145_n.jpg?resize=300%2C169 300w, https:\/\/i0.wp.com\/sapin.cz\/wp-content\/uploads\/2023\/10\/288591891_708933837047482_9064919834433641145_n.jpg?resize=768%2C433 768w, https:\/\/i0.wp.com\/sapin.cz\/wp-content\/uploads\/2023\/10\/288591891_708933837047482_9064919834433641145_n.jpg?resize=1536%2C866 1536w, https:\/\/i0.wp.com\/sapin.cz\/wp-content\/uploads\/2023\/10\/288591891_708933837047482_9064919834433641145_n.jpg?w=2048 2048w\" sizes=\"auto, (max-width: 1000px) 100vw, 1000px\" \/><\/figure><div class=\"wp-block-media-text__content\">\n<p><strong>V\u00fdstavn\u00ed expozice<\/strong> <\/p>\n\n\n\n<p>N\u00e1vrh a realizace st\u00e1nk\u016f a expozic na m\u00edru.<\/p>\n<\/div><\/div>\n\n\n\n<p><\/p>\n\n\n\n<div class=\"wp-block-media-text is-stacked-on-mobile\"><figure class=\"wp-block-media-text__media\"><img data-recalc-dims=\"1\" loading=\"lazy\" decoding=\"async\" width=\"1024\" height=\"768\" src=\"https:\/\/i0.wp.com\/sapin.cz\/wp-content\/uploads\/2023\/10\/Detske-hriste-3.jpeg?resize=1024%2C768\" alt=\"Uk\u00e1zka realizace - d\u011btsk\u00e9 h\u0159i\u0161t\u011b\" class=\"wp-image-5282 size-full\" srcset=\"https:\/\/i0.wp.com\/sapin.cz\/wp-content\/uploads\/2023\/10\/Detske-hriste-3.jpeg?resize=1024%2C768 1024w, https:\/\/i0.wp.com\/sapin.cz\/wp-content\/uploads\/2023\/10\/Detske-hriste-3.jpeg?resize=300%2C225 300w, https:\/\/i0.wp.com\/sapin.cz\/wp-content\/uploads\/2023\/10\/Detske-hriste-3.jpeg?resize=768%2C576 768w, https:\/\/i0.wp.com\/sapin.cz\/wp-content\/uploads\/2023\/10\/Detske-hriste-3.jpeg?resize=1536%2C1152 1536w, https:\/\/i0.wp.com\/sapin.cz\/wp-content\/uploads\/2023\/10\/Detske-hriste-3.jpeg?w=1824 1824w\" sizes=\"auto, (max-width: 1000px) 100vw, 1000px\" \/><\/figure><div class=\"wp-block-media-text__content\">\n<p><strong>Exteri\u00e9ry <\/strong><\/p>\n\n\n\n<p>Pergoly, terasy a dal\u0161\u00ed prvky pro venkovn\u00ed prostory.<\/p>\n<\/div><\/div>\n\n\n\n<p><\/p>\n\n\n\n<p><\/p>\n\n\n\n<hr class=\"wp-block-separator has-alpha-channel-opacity\"\/>\n\n\n\n<h2 class=\"wp-block-heading\">\ud83c\udfc6 Pro\u010d si z\u00e1kazn\u00edci vyb\u00edraj\u00ed pr\u00e1v\u011b n\u00e1s<\/h2>\n\n\n\n<ul class=\"wp-block-list\">\n<li>\u2714 V\u00edce ne\u017e 30 let zku\u0161enost\u00ed v zak\u00e1zkov\u00e9 v\u00fdrob\u011b n\u00e1bytku<\/li>\n\n\n\n<li>\u2714 Vlastn\u00ed v\u00fdroba \u2013 \u017e\u00e1dn\u00ed prost\u0159edn\u00edci<\/li>\n\n\n\n<li>\u2714 \u0158e\u0161en\u00ed na m\u00edru ka\u017ed\u00e9mu prostoru<\/li>\n\n\n\n<li>\u2714 Kompletn\u00ed servis od n\u00e1vrhu po mont\u00e1\u017e<\/li>\n\n\n\n<li>\u2714 Zku\u0161enosti i s atypick\u00fdmi projekty<\/li>\n<\/ul>\n\n\n\n<hr class=\"wp-block-separator has-alpha-channel-opacity\"\/>\n\n\n\n<h2 class=\"wp-block-heading\">\ud83d\udd04 Jak prob\u00edh\u00e1 zak\u00e1zka<\/h2>\n\n\n\n<p><strong>Kroky:<\/strong><\/p>\n\n\n\n<p><strong>1. Konzultace<\/strong><br>Probereme va\u0161i p\u0159edstavu, prostor i rozpo\u010det.<\/p>\n\n\n\n<p><strong>2. N\u00e1vrh<\/strong><br>P\u0159iprav\u00edme \u0159e\u0161en\u00ed na m\u00edru v\u010detn\u011b vizualizace.<\/p>\n\n\n\n<p><strong>3. V\u00fdroba<\/strong><br>Zak\u00e1zku vyrob\u00edme v na\u0161\u00ed d\u00edln\u011b.<\/p>\n\n\n\n<p><strong>4. Mont\u00e1\u017e<\/strong><br>V\u0161e p\u0159esn\u011b namontujeme a dolad\u00edme detaily.<\/p>\n\n\n\n<hr class=\"wp-block-separator has-alpha-channel-opacity\"\/>\n\n\n\n<div class=\"wp-block-query is-layout-flow wp-block-query-is-layout-flow\"><ul class=\"wp-block-post-template is-layout-flow wp-block-post-template-is-layout-flow\"><li class=\"wp-block-post post-5342 post type-post status-publish format-standard has-post-thumbnail hentry category-nezarazene\">\n\n<div class=\"wp-block-columns are-vertically-aligned-center is-layout-flex wp-container-core-columns-is-layout-28f84493 wp-block-columns-is-layout-flex\">\n<div class=\"wp-block-column is-vertically-aligned-center is-layout-flow wp-block-column-is-layout-flow\" style=\"flex-basis:25%\"><figure class=\"wp-block-post-featured-image\"><a href=\"http:\/\/sapin.cz\/index.php\/2024\/03\/23\/ukazka-realizace-vyroba-nabytku-na-miru-v-detskem-pokoji\/\" target=\"_self\"  ><img data-recalc-dims=\"1\" loading=\"lazy\" decoding=\"async\" width=\"2560\" height=\"1901\" src=\"https:\/\/i0.wp.com\/sapin.cz\/wp-content\/uploads\/2024\/03\/Nabytek-SAPIN-na-miru-v-destkem-pokoji-4-scaled.jpg?resize=2560%2C1901\" class=\"attachment-post-thumbnail size-post-thumbnail wp-post-image\" alt=\"Uk\u00e1zka realizace &#8211; v\u00fdroba n\u00e1bytku na m\u00edru v d\u011btsk\u00e9m pokoji\" style=\"object-fit:cover;\" srcset=\"https:\/\/i0.wp.com\/sapin.cz\/wp-content\/uploads\/2024\/03\/Nabytek-SAPIN-na-miru-v-destkem-pokoji-4-scaled.jpg?w=2560 2560w, https:\/\/i0.wp.com\/sapin.cz\/wp-content\/uploads\/2024\/03\/Nabytek-SAPIN-na-miru-v-destkem-pokoji-4-scaled.jpg?resize=300%2C223 300w, https:\/\/i0.wp.com\/sapin.cz\/wp-content\/uploads\/2024\/03\/Nabytek-SAPIN-na-miru-v-destkem-pokoji-4-scaled.jpg?resize=1024%2C760 1024w, https:\/\/i0.wp.com\/sapin.cz\/wp-content\/uploads\/2024\/03\/Nabytek-SAPIN-na-miru-v-destkem-pokoji-4-scaled.jpg?resize=768%2C570 768w, https:\/\/i0.wp.com\/sapin.cz\/wp-content\/uploads\/2024\/03\/Nabytek-SAPIN-na-miru-v-destkem-pokoji-4-scaled.jpg?resize=1536%2C1140 1536w, https:\/\/i0.wp.com\/sapin.cz\/wp-content\/uploads\/2024\/03\/Nabytek-SAPIN-na-miru-v-destkem-pokoji-4-scaled.jpg?resize=2048%2C1520 2048w\" sizes=\"auto, (max-width: 1000px) 100vw, 1000px\" \/><\/a><\/figure><\/div>\n\n\n\n<div class=\"wp-block-column is-vertically-aligned-center is-layout-flow wp-block-column-is-layout-flow\" style=\"flex-basis:75%\"><h2 class=\"wp-block-post-title\"><a href=\"http:\/\/sapin.cz\/index.php\/2024\/03\/23\/ukazka-realizace-vyroba-nabytku-na-miru-v-detskem-pokoji\/\" target=\"_self\" >Uk\u00e1zka realizace &#8211; v\u00fdroba n\u00e1bytku na m\u00edru v d\u011btsk\u00e9m pokoji<\/a><\/h2><\/div>\n<\/div>\n\n<\/li><li class=\"wp-block-post post-5332 post type-post status-publish format-standard has-post-thumbnail hentry category-nezarazene\">\n\n<div class=\"wp-block-columns are-vertically-aligned-center is-layout-flex wp-container-core-columns-is-layout-28f84493 wp-block-columns-is-layout-flex\">\n<div class=\"wp-block-column is-vertically-aligned-center is-layout-flow wp-block-column-is-layout-flow\" style=\"flex-basis:25%\"><figure class=\"wp-block-post-featured-image\"><a href=\"http:\/\/sapin.cz\/index.php\/2023\/10\/13\/kuchynska-linka-bila\/\" target=\"_self\"  ><img data-recalc-dims=\"1\" loading=\"lazy\" decoding=\"async\" width=\"1340\" height=\"794\" src=\"https:\/\/i0.wp.com\/sapin.cz\/wp-content\/uploads\/2023\/10\/Obrazek-WhatsApp-2023-08-16-v-13.07.27_fba1a6a0-e1776942406590.jpg?resize=1340%2C794\" class=\"attachment-post-thumbnail size-post-thumbnail wp-post-image\" alt=\"Kuchy\u0148sk\u00e1 linka b\u00edl\u00e1\" style=\"object-fit:cover;\" srcset=\"https:\/\/i0.wp.com\/sapin.cz\/wp-content\/uploads\/2023\/10\/Obrazek-WhatsApp-2023-08-16-v-13.07.27_fba1a6a0-e1776942406590.jpg?w=1340 1340w, https:\/\/i0.wp.com\/sapin.cz\/wp-content\/uploads\/2023\/10\/Obrazek-WhatsApp-2023-08-16-v-13.07.27_fba1a6a0-e1776942406590.jpg?resize=300%2C178 300w, https:\/\/i0.wp.com\/sapin.cz\/wp-content\/uploads\/2023\/10\/Obrazek-WhatsApp-2023-08-16-v-13.07.27_fba1a6a0-e1776942406590.jpg?resize=1024%2C607 1024w, https:\/\/i0.wp.com\/sapin.cz\/wp-content\/uploads\/2023\/10\/Obrazek-WhatsApp-2023-08-16-v-13.07.27_fba1a6a0-e1776942406590.jpg?resize=768%2C455 768w\" sizes=\"auto, (max-width: 1000px) 100vw, 1000px\" \/><\/a><\/figure><\/div>\n\n\n\n<div class=\"wp-block-column is-vertically-aligned-center is-layout-flow wp-block-column-is-layout-flow\" style=\"flex-basis:75%\"><h2 class=\"wp-block-post-title\"><a href=\"http:\/\/sapin.cz\/index.php\/2023\/10\/13\/kuchynska-linka-bila\/\" target=\"_self\" >Kuchy\u0148sk\u00e1 linka b\u00edl\u00e1<\/a><\/h2><\/div>\n<\/div>\n\n<\/li><li class=\"wp-block-post post-5326 post type-post status-publish format-standard has-post-thumbnail hentry category-nezarazene\">\n\n<div class=\"wp-block-columns are-vertically-aligned-center is-layout-flex wp-container-core-columns-is-layout-28f84493 wp-block-columns-is-layout-flex\">\n<div class=\"wp-block-column is-vertically-aligned-center is-layout-flow wp-block-column-is-layout-flow\" style=\"flex-basis:25%\"><figure class=\"wp-block-post-featured-image\"><a href=\"http:\/\/sapin.cz\/index.php\/2023\/10\/13\/nabytek-na-miru-do-podkrovnich-prostor\/\" target=\"_self\"  ><img data-recalc-dims=\"1\" loading=\"lazy\" decoding=\"async\" width=\"960\" height=\"1280\" src=\"https:\/\/i0.wp.com\/sapin.cz\/wp-content\/uploads\/2023\/10\/WhatsApp-Image-2022-06-03-at-20.26.39.jpg?resize=960%2C1280\" class=\"attachment-post-thumbnail size-post-thumbnail wp-post-image\" alt=\"N\u00e1bytek na m\u00edru do podkrovn\u00edch prostor\" style=\"object-fit:cover;\" srcset=\"https:\/\/i0.wp.com\/sapin.cz\/wp-content\/uploads\/2023\/10\/WhatsApp-Image-2022-06-03-at-20.26.39.jpg?w=960 960w, https:\/\/i0.wp.com\/sapin.cz\/wp-content\/uploads\/2023\/10\/WhatsApp-Image-2022-06-03-at-20.26.39.jpg?resize=225%2C300 225w, https:\/\/i0.wp.com\/sapin.cz\/wp-content\/uploads\/2023\/10\/WhatsApp-Image-2022-06-03-at-20.26.39.jpg?resize=768%2C1024 768w\" sizes=\"auto, (max-width: 960px) 100vw, 960px\" \/><\/a><\/figure><\/div>\n\n\n\n<div class=\"wp-block-column is-vertically-aligned-center is-layout-flow wp-block-column-is-layout-flow\" style=\"flex-basis:75%\"><h2 class=\"wp-block-post-title\"><a href=\"http:\/\/sapin.cz\/index.php\/2023\/10\/13\/nabytek-na-miru-do-podkrovnich-prostor\/\" target=\"_self\" >N\u00e1bytek na m\u00edru do podkrovn\u00edch prostor<\/a><\/h2><\/div>\n<\/div>\n\n<\/li><\/ul><\/div>\n","protected":false},"excerpt":{"rendered":"<p>Navrhujeme a vyr\u00e1b\u00edme kuchyn\u011b, interi\u00e9ry i v\u00fdstavn\u00ed expozice \u2013 od prvn\u00edho n\u00e1vrhu a\u017e po fin\u00e1ln\u00ed mont\u00e1\u017e. \ud83d\udcf8 Uk\u00e1zky na\u0161\u00ed pr\u00e1ce [&hellip;]<\/p>\n","protected":false},"author":1,"featured_media":0,"parent":0,"menu_order":0,"comment_status":"closed","ping_status":"closed","template":"","meta":{"site-sidebar-layout":"default","site-content-layout":"","ast-site-content-layout":"normal-width-container","site-content-style":"default","site-sidebar-style":"default","ast-global-header-display":"","ast-banner-title-visibility":"","ast-main-header-display":"","ast-hfb-above-header-display":"","ast-hfb-below-header-display":"","ast-hfb-mobile-header-display":"","site-post-title":"disabled","ast-breadcrumbs-content":"","ast-featured-img":"","footer-sml-layout":"","ast-disable-related-posts":"","theme-transparent-header-meta":"","adv-header-id-meta":"","stick-header-meta":"","header-above-stick-meta":"","header-main-stick-meta":"","header-below-stick-meta":"","astra-migrate-meta-layouts":"default","ast-page-background-enabled":"default","ast-page-background-meta":{"desktop":{"background-color":"var(--ast-global-color-5)","background-image":"","background-repeat":"repeat","background-position":"center center","background-size":"auto","background-attachment":"scroll","background-type":"","background-media":"","overlay-type":"","overlay-color":"","overlay-opacity":"","overlay-gradient":""},"tablet":{"background-color":"","background-image":"","background-repeat":"repeat","background-position":"center center","background-size":"auto","background-attachment":"scroll","background-type":"","background-media":"","overlay-type":"","overlay-color":"","overlay-opacity":"","overlay-gradient":""},"mobile":{"background-color":"","background-image":"","background-repeat":"repeat","background-position":"center center","background-size":"auto","background-attachment":"scroll","background-type":"","background-media":"","overlay-type":"","overlay-color":"","overlay-opacity":"","overlay-gradient":""}},"ast-content-background-meta":{"desktop":{"background-color":"var(--ast-global-color-4)","background-image":"","background-repeat":"repeat","background-position":"center center","background-size":"auto","background-attachment":"scroll","background-type":"","background-media":"","overlay-type":"","overlay-color":"","overlay-opacity":"","overlay-gradient":""},"tablet":{"background-color":"var(--ast-global-color-4)","background-image":"","background-repeat":"repeat","background-position":"center center","background-size":"auto","background-attachment":"scroll","background-type":"","background-media":"","overlay-type":"","overlay-color":"","overlay-opacity":"","overlay-gradient":""},"mobile":{"background-color":"var(--ast-global-color-4)","background-image":"","background-repeat":"repeat","background-position":"center center","background-size":"auto","background-attachment":"scroll","background-type":"","background-media":"","overlay-type":"","overlay-color":"","overlay-opacity":"","overlay-gradient":""}},"footnotes":""},"class_list":["post-4","page","type-page","status-publish","hentry"],"jetpack_sharing_enabled":true,"_links":{"self":[{"href":"http:\/\/sapin.cz\/index.php\/wp-json\/wp\/v2\/pages\/4","targetHints":{"allow":["GET"]}}],"collection":[{"href":"http:\/\/sapin.cz\/index.php\/wp-json\/wp\/v2\/pages"}],"about":[{"href":"http:\/\/sapin.cz\/index.php\/wp-json\/wp\/v2\/types\/page"}],"author":[{"embeddable":true,"href":"http:\/\/sapin.cz\/index.php\/wp-json\/wp\/v2\/users\/1"}],"replies":[{"embeddable":true,"href":"http:\/\/sapin.cz\/index.php\/wp-json\/wp\/v2\/comments?post=4"}],"version-history":[{"count":21,"href":"http:\/\/sapin.cz\/index.php\/wp-json\/wp\/v2\/pages\/4\/revisions"}],"predecessor-version":[{"id":5423,"href":"http:\/\/sapin.cz\/index.php\/wp-json\/wp\/v2\/pages\/4\/revisions\/5423"}],"wp:attachment":[{"href":"http:\/\/sapin.cz\/index.php\/wp-json\/wp\/v2\/media?parent=4"}],"curies":[{"name":"wp","href":"https:\/\/api.w.org\/{rel}","templated":true}]}}